{"id":570,"date":"2020-10-17T12:26:30","date_gmt":"2020-10-17T09:26:30","guid":{"rendered":"https:\/\/www.grafas.org\/demo01\/?page_id=570"},"modified":"2025-09-15T15:31:19","modified_gmt":"2025-09-15T13:31:19","slug":"contact","status":"publish","type":"page","link":"https:\/\/sunaya-outdoor.com\/en\/contact\/","title":{"rendered":"Contact"},"content":{"rendered":"<div data-elementor-type=\"wp-page\" data-elementor-id=\"570\" class=\"elementor elementor-570\">\n\t\t\t\t\t\t<section class=\"elementor-section elementor-top-section elementor-element elementor-element-916cb22 elementor-section-boxed elementor-section-height-default elementor-section-height-default\" data-id=\"916cb22\" data-element_type=\"section\" data-e-type=\"section\">\n\t\t\t\t\t\t<div class=\"elementor-container elementor-column-gap-default\">\n\t\t\t\t\t<div class=\"elementor-column elementor-col-100 elementor-top-column elementor-element elementor-element-e548c7c\" data-id=\"e548c7c\" data-element_type=\"column\" data-e-type=\"column\">\n\t\t\t<div class=\"elementor-widget-wrap elementor-element-populated\">\n\t\t\t\t\t\t<div class=\"elementor-element elementor-element-ae26e62 elementor-widget-divider--view-line elementor-widget elementor-widget-divider\" data-id=\"ae26e62\" data-element_type=\"widget\" data-e-type=\"widget\" data-widget_type=\"divider.default\">\n\t\t\t\t<div class=\"elementor-widget-container\">\n\t\t\t\t\t\t\t<div class=\"elementor-divider\">\n\t\t\t<span class=\"elementor-divider-separator\">\n\t\t\t\t\t\t<\/span>\n\t\t<\/div>\n\t\t\t\t\t\t<\/div>\n\t\t\t\t<\/div>\n\t\t\t\t\t<\/div>\n\t\t<\/div>\n\t\t\t\t\t<\/div>\n\t\t<\/section>\n\t\t\t\t<section class=\"elementor-section elementor-top-section elementor-element elementor-element-b625db2 elementor-section-boxed elementor-section-height-default elementor-section-height-default\" data-id=\"b625db2\" data-element_type=\"section\" data-e-type=\"section\">\n\t\t\t\t\t\t<div class=\"elementor-container elementor-column-gap-default\">\n\t\t\t\t\t<div class=\"elementor-column elementor-col-50 elementor-top-column elementor-element elementor-element-15a28ec\" data-id=\"15a28ec\" data-element_type=\"column\" data-e-type=\"column\">\n\t\t\t<div class=\"elementor-widget-wrap elementor-element-populated\">\n\t\t\t\t\t\t<div class=\"elementor-element elementor-element-5058753 elementor-widget elementor-widget-heading\" data-id=\"5058753\" data-element_type=\"widget\" data-e-type=\"widget\" data-widget_type=\"heading.default\">\n\t\t\t\t<div class=\"elementor-widget-container\">\n\t\t\t\t\t<h4 class=\"elementor-heading-title elementor-size-default\">Contact us<\/h4>\t\t\t\t<\/div>\n\t\t\t\t<\/div>\n\t\t\t\t<div class=\"elementor-element elementor-element-416fcd4 elementor-widget elementor-widget-text-editor\" data-id=\"416fcd4\" data-element_type=\"widget\" data-e-type=\"widget\" data-widget_type=\"text-editor.default\">\n\t\t\t\t<div class=\"elementor-widget-container\">\n\t\t\t\t\t\t\t\t\t<p><strong>Mail :<\/strong> : contact@sunaya-outdoor.com<\/p><p><strong>T\u00e9l :<\/strong> +33 769 414 51<\/p><p><strong>Hours\u00a0<\/strong>Monday - Friday 9AM - 3PM<\/p>\t\t\t\t\t\t\t\t<\/div>\n\t\t\t\t<\/div>\n\t\t\t\t<div class=\"elementor-element elementor-element-b57769e elementor-widget-divider--view-line elementor-widget elementor-widget-divider\" data-id=\"b57769e\" data-element_type=\"widget\" data-e-type=\"widget\" data-widget_type=\"divider.default\">\n\t\t\t\t<div class=\"elementor-widget-container\">\n\t\t\t\t\t\t\t<div class=\"elementor-divider\">\n\t\t\t<span class=\"elementor-divider-separator\">\n\t\t\t\t\t\t<\/span>\n\t\t<\/div>\n\t\t\t\t\t\t<\/div>\n\t\t\t\t<\/div>\n\t\t\t\t<div class=\"elementor-element elementor-element-2c6d704 elementor-widget elementor-widget-text-editor\" data-id=\"2c6d704\" data-element_type=\"widget\" data-e-type=\"widget\" data-widget_type=\"text-editor.default\">\n\t\t\t\t<div class=\"elementor-widget-container\">\n\t\t\t\t\t\t\t\t\t<p>Questions about our premium pergolas, awnings, or outdoor solutions? Get in touch with our team for expert guidance, detailed technical specs, or a personalized quote for your project.<\/p>\t\t\t\t\t\t\t\t<\/div>\n\t\t\t\t<\/div>\n\t\t\t\t\t<\/div>\n\t\t<\/div>\n\t\t\t\t<div class=\"elementor-column elementor-col-50 elementor-top-column elementor-element elementor-element-21596a8\" data-id=\"21596a8\" data-element_type=\"column\" data-e-type=\"column\">\n\t\t\t<div class=\"elementor-widget-wrap elementor-element-populated\">\n\t\t\t\t\t\t<div class=\"elementor-element elementor-element-07db669 elementor-widget elementor-widget-heading\" data-id=\"07db669\" data-element_type=\"widget\" data-e-type=\"widget\" data-widget_type=\"heading.default\">\n\t\t\t\t<div class=\"elementor-widget-container\">\n\t\t\t\t\t<h4 class=\"elementor-heading-title elementor-size-default\">Contact Form<\/h4>\t\t\t\t<\/div>\n\t\t\t\t<\/div>\n\t\t\t\t<div class=\"elementor-element elementor-element-7d1f127 elementor-widget elementor-widget-text-editor\" data-id=\"7d1f127\" data-element_type=\"widget\" data-e-type=\"widget\" data-widget_type=\"text-editor.default\">\n\t\t\t\t<div class=\"elementor-widget-container\">\n\t\t\t\t\t\t\t\t\t<p>Resellers, architects, and outdoor design professionals\u2014contact our team to learn more about our reseller terms, access detailed technical information, and benefit from tailored support on our premium outdoor solutions.<\/p>\t\t\t\t\t\t\t\t<\/div>\n\t\t\t\t<\/div>\n\t\t\t\t<div class=\"elementor-element elementor-element-73a4597 fluentform-widget-submit-button-custom elementor-widget elementor-widget-fluent-form-widget\" data-id=\"73a4597\" data-element_type=\"widget\" data-e-type=\"widget\" data-widget_type=\"fluent-form-widget.default\">\n\t\t\t\t<div class=\"elementor-widget-container\">\n\t\t\t\t\t\n            <div class=\"fluentform-widget-wrapper fluentform-widget-align-default\">\n\n            \n            <div class='fluentform ff-default fluentform_wrapper_1 ffs_default_wrap'><form data-form_id=\"1\" id=\"fluentform_1\" class=\"frm-fluent-form fluent_form_1 ff-el-form-top ff_form_instance_1_1 ff-form-loading ffs_default\" data-form_instance=\"ff_form_instance_1_1\" method=\"POST\" action=\"\" ><fieldset  style=\"border: none!important;margin: 0!important;padding: 0!important;background-color: transparent!important;box-shadow: none!important;outline: none!important; min-inline-size: 100%;\">\n                    <legend class=\"ff_screen_reader_title\" style=\"display: block; margin: 0!important;padding: 0!important;height: 0!important;text-indent: -999999px;width: 0!important;overflow:hidden;\">Contact Form Demo<\/legend><input type='hidden' name='__fluent_form_embded_post_id' value='570' \/><input type=\"hidden\" id=\"_fluentform_1_fluentformnonce\" name=\"_fluentform_1_fluentformnonce\" value=\"79eefdfbae\" \/><input type=\"hidden\" name=\"_wp_http_referer\" value=\"\/en\/wp-json\/wp\/v2\/pages\/570\" \/><div data-type=\"name-element\" data-name=\"names\" class=\"ff-field_container ff-name-field-wrapper\" ><div class='ff-t-container'><div class='ff-t-cell'><div class='ff-el-group'><div class=\"ff-el-input--label asterisk-right\"><label for='ff_1_names_first_name_' >Name<\/label><\/div><div class='ff-el-input--content'><input type=\"text\" name=\"names[first_name]\" id=\"ff_1_names_first_name_\" class=\"ff-el-form-control\" placeholder=\"Name\" aria-invalid=\"false\" aria-required=\"false\"><\/div><\/div><\/div><\/div><\/div><div class='ff-el-group'><div class=\"ff-el-input--label ff-el-is-required asterisk-right\"><label for='ff_1_email' aria-label=\"Email\">Email<\/label><\/div><div class='ff-el-input--content'><input type=\"email\" name=\"email\" id=\"ff_1_email\" class=\"ff-el-form-control\" placeholder=\"Email adress \" data-name=\"email\"  aria-invalid=\"false\" aria-required=\"true\"><\/div><\/div><div class='ff-el-group'><div class=\"ff-el-input--label asterisk-right\"><label for='ff_1_subject' aria-label=\"Subject\">Subject<\/label><\/div><div class='ff-el-input--content'><input type=\"text\" name=\"subject\" class=\"ff-el-form-control\" placeholder=\"Subject\" data-name=\"subject\" id=\"ff_1_subject\"  aria-invalid=\"false\" aria-required=\"false\"><\/div><\/div><div class='ff-el-group'><div class=\"ff-el-input--label ff-el-is-required asterisk-right\"><label for='ff_1_message' aria-label=\"Your message\">Your message<\/label><\/div><div class='ff-el-input--content'><textarea aria-invalid=\"false\" aria-required=\"true\" name=\"message\" id=\"ff_1_message\" class=\"ff-el-form-control\" placeholder=\"Message\" rows=\"4\" cols=\"2\" data-name=\"message\" ><\/textarea><\/div><\/div><div class='ff-el-group ff-text-left ff_submit_btn_wrapper'><button type=\"submit\" class=\"ff-btn ff-btn-submit ff-btn-md ff_btn_style\" >Send<\/button><\/div><\/fieldset><input type=\"hidden\" name=\"trp-form-language\" value=\"en\"\/><\/form><div id='fluentform_1_errors' class='ff-errors-in-stack ff_form_instance_1_1 ff-form-loading_errors ff_form_instance_1_1_errors'><\/div><\/div>        <script type=\"text\/javascript\">\n            window.fluent_form_ff_form_instance_1_1 = {\"id\":\"1\",\"settings\":{\"layout\":{\"labelPlacement\":\"top\",\"helpMessagePlacement\":\"with_label\",\"errorMessagePlacement\":\"inline\",\"cssClassName\":\"\",\"asteriskPlacement\":\"asterisk-right\"},\"restrictions\":{\"denyEmptySubmission\":{\"enabled\":false}}},\"form_instance\":\"ff_form_instance_1_1\",\"form_id_selector\":\"fluentform_1\",\"rules\":{\"names[first_name]\":{\"required\":{\"value\":false,\"message\":\"This field is required\",\"global\":false,\"global_message\":\"Ce champ est obligatoire\"}},\"names[middle_name]\":{\"required\":{\"value\":false,\"message\":\"This field is required\",\"global\":false,\"global_message\":\"Ce champ est obligatoire\"}},\"names[last_name]\":{\"required\":{\"value\":false,\"message\":\"This field is required\",\"global\":false,\"global_message\":\"Ce champ est obligatoire\"}},\"email\":{\"required\":{\"value\":true,\"message\":\"This field is required\",\"global\":false,\"global_message\":\"Ce champ est obligatoire\"},\"email\":{\"value\":true,\"message\":\"This field must contain a valid email\",\"global\":false,\"global_message\":\"Ce champ doit contenir un e-mail valide\"}},\"subject\":{\"required\":{\"value\":false,\"message\":\"This field is required\",\"global\":false,\"global_message\":\"Ce champ est obligatoire\"}},\"message\":{\"required\":{\"value\":true,\"message\":\"This field is required\",\"global\":false,\"global_message\":\"Ce champ est obligatoire\"}}},\"debounce_time\":300};\n                    <\/script>\n                    <\/div>\n\n            \t\t\t\t<\/div>\n\t\t\t\t<\/div>\n\t\t\t\t\t<\/div>\n\t\t<\/div>\n\t\t\t\t\t<\/div>\n\t\t<\/section>\n\t\t\t\t<\/div>","protected":false},"excerpt":{"rendered":"<p>Contactez-nous E-mail : contact@sunaya-outdoor.com T\u00e9l : +33 769 414 51 Horaires :\u00a0Du lundi au vendredi de 9h \u00e0 15h Une question sur nos pergolas, stores ou solutions outdoor premium ? Contactez notre \u00e9quipe pour des conseils d\u2019experts, des informations techniques ou un devis adapt\u00e9 \u00e0 votre projet. Formulaire de contact Vous \u00eates revendeur, architecte ou&#8230;<\/p>","protected":false},"author":1,"featured_media":0,"parent":0,"menu_order":0,"comment_status":"closed","ping_status":"closed","template":"","meta":{"_kadence_starter_templates_imported_post":true,"_kad_post_transparent":"","_kad_post_title":"hide","_kad_post_layout":"normal","_kad_post_sidebar_id":"","_kad_post_content_style":"unboxed","_kad_post_vertical_padding":"hide","_kad_post_feature":"hide","_kad_post_feature_position":"","_kad_post_header":false,"_kad_post_footer":false,"footnotes":""},"class_list":["post-570","page","type-page","status-publish","hentry"],"yoast_head":"<!-- This site is optimized with the Yoast SEO plugin v25.9 - https:\/\/yoast.com\/wordpress\/plugins\/seo\/ -->\n<title>Contact - Sunaya Outdoor<\/title>\n<meta name=\"robots\" content=\"index, follow, max-snippet:-1, max-image-preview:large, max-video-preview:-1\" \/>\n<link rel=\"canonical\" href=\"https:\/\/sunaya-outdoor.com\/en\/contact\/\" \/>\n<meta property=\"og:locale\" content=\"en_US\" \/>\n<meta property=\"og:type\" content=\"article\" \/>\n<meta property=\"og:title\" content=\"Contact - Sunaya Outdoor\" \/>\n<meta property=\"og:description\" content=\"Contactez-nous E-mail : contact@sunaya-outdoor.com T\u00e9l : +33 769 414 51 Horaires :\u00a0Du lundi au vendredi de 9h \u00e0 15h Une question sur nos pergolas, stores ou solutions outdoor premium ? Contactez notre \u00e9quipe pour des conseils d\u2019experts, des informations techniques ou un devis adapt\u00e9 \u00e0 votre projet. Formulaire de contact Vous \u00eates revendeur, architecte ou...\" \/>\n<meta property=\"og:url\" content=\"https:\/\/sunaya-outdoor.com\/en\/contact\/\" \/>\n<meta property=\"og:site_name\" content=\"Sunaya Outdoor\" \/>\n<meta property=\"article:modified_time\" content=\"2025-09-15T13:31:19+00:00\" \/>\n<meta name=\"twitter:card\" content=\"summary_large_image\" \/>\n<script type=\"application\/ld+json\" class=\"yoast-schema-graph\">{\"@context\":\"https:\/\/schema.org\",\"@graph\":[{\"@type\":\"WebPage\",\"@id\":\"https:\/\/sunaya-outdoor.com\/contact\/\",\"url\":\"https:\/\/sunaya-outdoor.com\/contact\/\",\"name\":\"Contact - Sunaya Outdoor\",\"isPartOf\":{\"@id\":\"https:\/\/sunaya-outdoor.com\/#website\"},\"datePublished\":\"2020-10-17T09:26:30+00:00\",\"dateModified\":\"2025-09-15T13:31:19+00:00\",\"breadcrumb\":{\"@id\":\"https:\/\/sunaya-outdoor.com\/contact\/#breadcrumb\"},\"inLanguage\":\"en-US\",\"potentialAction\":[{\"@type\":\"ReadAction\",\"target\":[\"https:\/\/sunaya-outdoor.com\/contact\/\"]}]},{\"@type\":\"BreadcrumbList\",\"@id\":\"https:\/\/sunaya-outdoor.com\/contact\/#breadcrumb\",\"itemListElement\":[{\"@type\":\"ListItem\",\"position\":1,\"name\":\"Accueil\",\"item\":\"https:\/\/sunaya-outdoor.com\/\"},{\"@type\":\"ListItem\",\"position\":2,\"name\":\"Contact\"}]},{\"@type\":\"WebSite\",\"@id\":\"https:\/\/sunaya-outdoor.com\/#website\",\"url\":\"https:\/\/sunaya-outdoor.com\/\",\"name\":\"Sunaya Outdoor\",\"description\":\"L&#039;art de sublimer vos ext\u00e9rieurs\",\"publisher\":{\"@id\":\"https:\/\/sunaya-outdoor.com\/#organization\"},\"potentialAction\":[{\"@type\":\"SearchAction\",\"target\":{\"@type\":\"EntryPoint\",\"urlTemplate\":\"https:\/\/sunaya-outdoor.com\/?s={search_term_string}\"},\"query-input\":{\"@type\":\"PropertyValueSpecification\",\"valueRequired\":true,\"valueName\":\"search_term_string\"}}],\"inLanguage\":\"en-US\"},{\"@type\":\"Organization\",\"@id\":\"https:\/\/sunaya-outdoor.com\/#organization\",\"name\":\"Sunaya Outdoor\",\"url\":\"https:\/\/sunaya-outdoor.com\/\",\"logo\":{\"@type\":\"ImageObject\",\"inLanguage\":\"en-US\",\"@id\":\"https:\/\/sunaya-outdoor.com\/#\/schema\/logo\/image\/\",\"url\":\"https:\/\/sunaya-outdoor.com\/wp-content\/uploads\/2025\/09\/cropped-cropped-CBA8CAB4-1642-4DF0-AD8A-AC3E3A24C4DD-removebg-preview-2.png\",\"contentUrl\":\"https:\/\/sunaya-outdoor.com\/wp-content\/uploads\/2025\/09\/cropped-cropped-CBA8CAB4-1642-4DF0-AD8A-AC3E3A24C4DD-removebg-preview-2.png\",\"width\":500,\"height\":200,\"caption\":\"Sunaya Outdoor\"},\"image\":{\"@id\":\"https:\/\/sunaya-outdoor.com\/#\/schema\/logo\/image\/\"}}]}<\/script>\n<!-- \/ Yoast SEO plugin. -->","yoast_head_json":{"title":"Contact - Sunaya Outdoor","robots":{"index":"index","follow":"follow","max-snippet":"max-snippet:-1","max-image-preview":"max-image-preview:large","max-video-preview":"max-video-preview:-1"},"canonical":"https:\/\/sunaya-outdoor.com\/en\/contact\/","og_locale":"en_US","og_type":"article","og_title":"Contact - Sunaya Outdoor","og_description":"Contactez-nous E-mail : contact@sunaya-outdoor.com T\u00e9l : +33 769 414 51 Horaires :\u00a0Du lundi au vendredi de 9h \u00e0 15h Une question sur nos pergolas, stores ou solutions outdoor premium ? Contactez notre \u00e9quipe pour des conseils d\u2019experts, des informations techniques ou un devis adapt\u00e9 \u00e0 votre projet. Formulaire de contact Vous \u00eates revendeur, architecte ou...","og_url":"https:\/\/sunaya-outdoor.com\/en\/contact\/","og_site_name":"Sunaya Outdoor","article_modified_time":"2025-09-15T13:31:19+00:00","twitter_card":"summary_large_image","schema":{"@context":"https:\/\/schema.org","@graph":[{"@type":"WebPage","@id":"https:\/\/sunaya-outdoor.com\/contact\/","url":"https:\/\/sunaya-outdoor.com\/contact\/","name":"Contact - Sunaya Outdoor","isPartOf":{"@id":"https:\/\/sunaya-outdoor.com\/#website"},"datePublished":"2020-10-17T09:26:30+00:00","dateModified":"2025-09-15T13:31:19+00:00","breadcrumb":{"@id":"https:\/\/sunaya-outdoor.com\/contact\/#breadcrumb"},"inLanguage":"en-US","potentialAction":[{"@type":"ReadAction","target":["https:\/\/sunaya-outdoor.com\/contact\/"]}]},{"@type":"BreadcrumbList","@id":"https:\/\/sunaya-outdoor.com\/contact\/#breadcrumb","itemListElement":[{"@type":"ListItem","position":1,"name":"Accueil","item":"https:\/\/sunaya-outdoor.com\/"},{"@type":"ListItem","position":2,"name":"Contact"}]},{"@type":"WebSite","@id":"https:\/\/sunaya-outdoor.com\/#website","url":"https:\/\/sunaya-outdoor.com\/","name":"Sunaya Outdoor","description":"L&#039;art de sublimer vos ext\u00e9rieurs","publisher":{"@id":"https:\/\/sunaya-outdoor.com\/#organization"},"potentialAction":[{"@type":"SearchAction","target":{"@type":"EntryPoint","urlTemplate":"https:\/\/sunaya-outdoor.com\/?s={search_term_string}"},"query-input":{"@type":"PropertyValueSpecification","valueRequired":true,"valueName":"search_term_string"}}],"inLanguage":"en-US"},{"@type":"Organization","@id":"https:\/\/sunaya-outdoor.com\/#organization","name":"Sunaya Outdoor","url":"https:\/\/sunaya-outdoor.com\/","logo":{"@type":"ImageObject","inLanguage":"en-US","@id":"https:\/\/sunaya-outdoor.com\/#\/schema\/logo\/image\/","url":"https:\/\/sunaya-outdoor.com\/wp-content\/uploads\/2025\/09\/cropped-cropped-CBA8CAB4-1642-4DF0-AD8A-AC3E3A24C4DD-removebg-preview-2.png","contentUrl":"https:\/\/sunaya-outdoor.com\/wp-content\/uploads\/2025\/09\/cropped-cropped-CBA8CAB4-1642-4DF0-AD8A-AC3E3A24C4DD-removebg-preview-2.png","width":500,"height":200,"caption":"Sunaya Outdoor"},"image":{"@id":"https:\/\/sunaya-outdoor.com\/#\/schema\/logo\/image\/"}}]}},"_links":{"self":[{"href":"https:\/\/sunaya-outdoor.com\/en\/wp-json\/wp\/v2\/pages\/570","targetHints":{"allow":["GET"]}}],"collection":[{"href":"https:\/\/sunaya-outdoor.com\/en\/wp-json\/wp\/v2\/pages"}],"about":[{"href":"https:\/\/sunaya-outdoor.com\/en\/wp-json\/wp\/v2\/types\/page"}],"author":[{"embeddable":true,"href":"https:\/\/sunaya-outdoor.com\/en\/wp-json\/wp\/v2\/users\/1"}],"replies":[{"embeddable":true,"href":"https:\/\/sunaya-outdoor.com\/en\/wp-json\/wp\/v2\/comments?post=570"}],"version-history":[{"count":34,"href":"https:\/\/sunaya-outdoor.com\/en\/wp-json\/wp\/v2\/pages\/570\/revisions"}],"predecessor-version":[{"id":1698,"href":"https:\/\/sunaya-outdoor.com\/en\/wp-json\/wp\/v2\/pages\/570\/revisions\/1698"}],"wp:attachment":[{"href":"https:\/\/sunaya-outdoor.com\/en\/wp-json\/wp\/v2\/media?parent=570"}],"curies":[{"name":"wp","href":"https:\/\/api.w.org\/{rel}","templated":true}]}}