{"id":3,"date":"2025-02-05T08:10:38","date_gmt":"2025-02-05T07:10:38","guid":{"rendered":"http:\/\/concept-immo-samui.com\/?page_id=3"},"modified":"2025-09-17T11:41:10","modified_gmt":"2025-09-17T09:41:10","slug":"politique-de-confidentialite-cookies","status":"publish","type":"page","link":"https:\/\/sunaya-outdoor.com\/en\/politique-de-confidentialite-cookies\/","title":{"rendered":"Politique de confidentialit\u00e9"},"content":{"rendered":"<div data-elementor-type=\"wp-page\" data-elementor-id=\"3\" class=\"elementor elementor-3\">\n\t\t\t\t<div class=\"elementor-element elementor-element-4a0256b4 e-flex e-con-boxed e-con e-parent\" data-id=\"4a0256b4\" data-element_type=\"container\" data-e-type=\"container\">\n\t\t\t\t\t<div class=\"e-con-inner\">\n\t\t\t\t<div class=\"elementor-element elementor-element-7c065f03 elementor-widget elementor-widget-text-editor\" data-id=\"7c065f03\" data-element_type=\"widget\" data-e-type=\"widget\" data-widget_type=\"text-editor.default\">\n\t\t\t\t<div class=\"elementor-widget-container\">\n\t\t\t\t\t\t\t\t\t\n<h4 class=\"wp-block-heading\" data-start=\"180\" data-end=\"241\"><strong data-start=\"182\" data-end=\"241\">Politique de Confidentialit\u00e9 &amp; Cookies \u2013 Sunaya Outdoor<\/strong><\/h4>\n<h2 data-start=\"243\" data-end=\"276\">\u00a0<\/h2>\n<h2 data-start=\"243\" data-end=\"276\">Responsable du traitement<\/h2>\n<p data-start=\"277\" data-end=\"369\">Sunaya Outdoor \u2013 Mme Azan<br data-start=\"302\" data-end=\"305\" \/>SIRET : 944 412 725 00011<br data-start=\"330\" data-end=\"333\" \/>Email : <a class=\"decorated-link cursor-pointer\" rel=\"noopener\" data-start=\"341\" data-end=\"367\">contact@sunaya-outdoor.com<\/a><\/p>\n<h2 data-start=\"376\" data-end=\"402\">Donn\u00e9es collect\u00e9es<\/h2>\n<p data-start=\"403\" data-end=\"490\">Nous pouvons recueillir les informations suivantes lorsque vous utilisez notre site :<\/p>\n<ul data-start=\"491\" data-end=\"725\">\n<li data-start=\"491\" data-end=\"568\">\n<p data-start=\"493\" data-end=\"568\">Nom, pr\u00e9nom, coordonn\u00e9es (email, t\u00e9l\u00e9phone) transmis via nos formulaires.<\/p>\n<\/li>\n<li data-start=\"569\" data-end=\"648\">\n<p data-start=\"571\" data-end=\"648\">Informations techniques (adresse IP, type de navigateur, pages consult\u00e9es).<\/p>\n<\/li>\n<li data-start=\"649\" data-end=\"725\">\n<p data-start=\"651\" data-end=\"725\">Toute autre donn\u00e9e transmise volontairement dans vos \u00e9changes avec nous.<\/p>\n<\/li>\n<\/ul>\n<h2 data-start=\"732\" data-end=\"763\">\u00a0Finalit\u00e9s du traitement<\/h2>\n<p data-start=\"764\" data-end=\"810\">Vos donn\u00e9es sont utilis\u00e9es uniquement pour :<\/p>\n<ul data-start=\"811\" data-end=\"1003\">\n<li data-start=\"811\" data-end=\"868\">\n<p data-start=\"813\" data-end=\"868\">R\u00e9pondre \u00e0 vos demandes via le formulaire de contact.<\/p>\n<\/li>\n<li data-start=\"869\" data-end=\"926\">\n<p data-start=\"871\" data-end=\"926\">\u00c9tablir des devis et assurer le suivi de vos projets.<\/p>\n<\/li>\n<li data-start=\"927\" data-end=\"1003\">\n<p data-start=\"929\" data-end=\"1003\">Am\u00e9liorer l\u2019exp\u00e9rience utilisateur et analyser la fr\u00e9quentation du site.<\/p>\n<\/li>\n<\/ul>\n<p data-start=\"1005\" data-end=\"1073\">Nous ne vendons ni ne c\u00e9dons vos donn\u00e9es personnelles \u00e0 des tiers.<\/p>\n<h2 data-start=\"1080\" data-end=\"1109\">\u00a0Dur\u00e9e de conservation<\/h2>\n<ul data-start=\"1110\" data-end=\"1253\">\n<li data-start=\"1110\" data-end=\"1181\">\n<p data-start=\"1112\" data-end=\"1181\">Donn\u00e9es de contact : conserv\u00e9es <strong data-start=\"1144\" data-end=\"1153\">3 ans<\/strong> apr\u00e8s le dernier \u00e9change.<\/p>\n<\/li>\n<li data-start=\"1182\" data-end=\"1253\">\n<p data-start=\"1184\" data-end=\"1253\">Donn\u00e9es techniques (logs, cookies) : dur\u00e9e maximale de <strong data-start=\"1239\" data-end=\"1250\">13 mois<\/strong>.<\/p>\n<\/li>\n<\/ul>\n<h2 data-start=\"1260\" data-end=\"1278\">Vos droits<\/h2>\n<p data-start=\"1279\" data-end=\"1379\">Conform\u00e9ment au RGPD et \u00e0 la loi \u00ab Informatique et Libert\u00e9s \u00bb, vous disposez des droits suivants :<\/p>\n<ul data-start=\"1380\" data-end=\"1532\">\n<li data-start=\"1380\" data-end=\"1430\">\n<p data-start=\"1382\" data-end=\"1430\">Droit d\u2019acc\u00e8s, de rectification, d\u2019effacement.<\/p>\n<\/li>\n<li data-start=\"1431\" data-end=\"1489\">\n<p data-start=\"1433\" data-end=\"1489\">Droit \u00e0 la limitation ou \u00e0 l\u2019opposition au traitement.<\/p>\n<\/li>\n<li data-start=\"1490\" data-end=\"1532\">\n<p data-start=\"1492\" data-end=\"1532\">Droit \u00e0 la portabilit\u00e9 de vos donn\u00e9es.<\/p>\n<\/li>\n<\/ul>\n<p data-start=\"1534\" data-end=\"1611\">Pour exercer vos droits, contactez-nous \u00e0 : <strong data-start=\"1578\" data-end=\"1608\"><a class=\"decorated-link cursor-pointer\" rel=\"noopener\" data-start=\"1580\" data-end=\"1606\">contact@sunaya-outdoor.com<\/a><\/strong>.<\/p>\n<h2 data-start=\"1618\" data-end=\"1633\">\u00a0Cookies<\/h2>\n<p data-start=\"1634\" data-end=\"1716\">Lors de votre navigation, des cookies peuvent \u00eatre install\u00e9s sur votre appareil.<\/p>\n<h3 data-start=\"1718\" data-end=\"1751\">Types de cookies utilis\u00e9s :<\/h3>\n<ul data-start=\"1752\" data-end=\"2051\">\n<li data-start=\"1752\" data-end=\"1817\">\n<p data-start=\"1754\" data-end=\"1817\"><strong data-start=\"1754\" data-end=\"1769\">N\u00e9cessaires<\/strong> : garantissent le bon fonctionnement du site.<\/p>\n<\/li>\n<li data-start=\"1818\" data-end=\"1897\">\n<p data-start=\"1820\" data-end=\"1897\"><strong data-start=\"1820\" data-end=\"1836\">Statistiques<\/strong> : permettent de mesurer l\u2019audience (ex. Google Analytics).<\/p>\n<\/li>\n<li data-start=\"1898\" data-end=\"1968\">\n<p data-start=\"1900\" data-end=\"1968\"><strong data-start=\"1900\" data-end=\"1916\">Fonctionnels<\/strong> : m\u00e9morisent vos pr\u00e9f\u00e9rences (langue, affichage).<\/p>\n<\/li>\n<li data-start=\"1969\" data-end=\"2051\">\n<p data-start=\"1971\" data-end=\"2051\"><strong data-start=\"1971\" data-end=\"1984\">Marketing<\/strong> : si activ\u00e9s, ils peuvent personnaliser le contenu publicitaire.<\/p>\n<\/li>\n<\/ul>\n<h3 data-start=\"2053\" data-end=\"2078\">Gestion des cookies<\/h3>\n<ul data-start=\"2079\" data-end=\"2300\">\n<li data-start=\"2079\" data-end=\"2196\">\n<p data-start=\"2081\" data-end=\"2196\">Vous pouvez accepter ou refuser les cookies via le bandeau de consentement affich\u00e9 lors de votre premi\u00e8re visite.<\/p>\n<\/li>\n<li data-start=\"2197\" data-end=\"2300\">\n<p data-start=\"2199\" data-end=\"2300\">Vous pouvez \u00e9galement g\u00e9rer vos pr\u00e9f\u00e9rences depuis votre navigateur (param\u00e8tres \u2192 confidentialit\u00e9).<\/p>\n<\/li>\n<\/ul>\n<h2 data-start=\"2307\" data-end=\"2323\">\u00a0S\u00e9curit\u00e9<\/h2>\n<p data-start=\"2324\" data-end=\"2478\">Sunaya Outdoor met en \u0153uvre des mesures techniques et organisationnelles pour prot\u00e9ger vos donn\u00e9es contre tout acc\u00e8s non autoris\u00e9, perte ou divulgation.<\/p>\n<h2 data-start=\"2485\" data-end=\"2507\">\u00a0Liens externes<\/h2>\n<p data-start=\"2508\" data-end=\"2654\">Notre site peut contenir des liens vers d\u2019autres sites. Nous ne sommes pas responsables de leur contenu ni de leur politique de confidentialit\u00e9.<\/p>\n<h2 data-start=\"2661\" data-end=\"2685\">Droit applicable<\/h2>\n<p data-start=\"2686\" data-end=\"2810\">La pr\u00e9sente Politique est r\u00e9gie par le droit fran\u00e7ais.<br data-start=\"2740\" data-end=\"2743\" \/>En cas de litige, seuls les tribunaux fran\u00e7ais seront comp\u00e9tents.<\/p>\n\t\t\t\t\t\t\t\t<\/div>\n\t\t\t\t<\/div>\n\t\t\t\t\t<\/div>\n\t\t\t\t<\/div>\n\t\t<div class=\"elementor-element elementor-element-e68e531 e-flex e-con-boxed e-con e-parent\" data-id=\"e68e531\" data-element_type=\"container\" data-e-type=\"container\">\n\t\t\t\t\t<div class=\"e-con-inner\">\n\t\t\t\t\t<\/div>\n\t\t\t\t<\/div>\n\t\t\t\t<\/div>","protected":false},"excerpt":{"rendered":"<p>Politique de Confidentialit\u00e9 &amp; Cookies \u2013 Sunaya Outdoor \u00a0 Responsable du traitement Sunaya Outdoor \u2013 Mme AzanSIRET : 944 412 725 00011Email : contact@sunaya-outdoor.com Donn\u00e9es collect\u00e9es Nous pouvons recueillir les informations suivantes lorsque vous utilisez notre site : Nom, pr\u00e9nom, coordonn\u00e9es (email, t\u00e9l\u00e9phone) transmis via nos formulaires. Informations techniques (adresse IP, type de navigateur, pages&#8230;<\/p>","protected":false},"author":1,"featured_media":0,"parent":0,"menu_order":0,"comment_status":"closed","ping_status":"open","template":"","meta":{"_kadence_starter_templates_imported_post":false,"_kad_post_transparent":"","_kad_post_title":"","_kad_post_layout":"","_kad_post_sidebar_id":"","_kad_post_content_style":"","_kad_post_vertical_padding":"","_kad_post_feature":"","_kad_post_feature_position":"","_kad_post_header":false,"_kad_post_footer":false,"footnotes":""},"class_list":["post-3","page","type-page","status-publish","hentry"],"yoast_head":"<!-- This site is optimized with the Yoast SEO plugin v25.9 - https:\/\/yoast.com\/wordpress\/plugins\/seo\/ -->\n<title>Politique de confidentialit\u00e9 - Sunaya Outdoor<\/title>\n<meta name=\"robots\" content=\"index, follow, max-snippet:-1, max-image-preview:large, max-video-preview:-1\" \/>\n<link rel=\"canonical\" href=\"https:\/\/sunaya-outdoor.com\/en\/politique-de-confidentialite-cookies\/\" \/>\n<meta property=\"og:locale\" content=\"en_US\" \/>\n<meta property=\"og:type\" content=\"article\" \/>\n<meta property=\"og:title\" content=\"Politique de confidentialit\u00e9 - Sunaya Outdoor\" \/>\n<meta property=\"og:description\" content=\"Politique de Confidentialit\u00e9 &amp; Cookies \u2013 Sunaya Outdoor \u00a0 Responsable du traitement Sunaya Outdoor \u2013 Mme AzanSIRET : 944 412 725 00011Email : contact@sunaya-outdoor.com Donn\u00e9es collect\u00e9es Nous pouvons recueillir les informations suivantes lorsque vous utilisez notre site : Nom, pr\u00e9nom, coordonn\u00e9es (email, t\u00e9l\u00e9phone) transmis via nos formulaires. Informations techniques (adresse IP, type de navigateur, pages...\" \/>\n<meta property=\"og:url\" content=\"https:\/\/sunaya-outdoor.com\/en\/politique-de-confidentialite-cookies\/\" \/>\n<meta property=\"og:site_name\" content=\"Sunaya Outdoor\" \/>\n<meta property=\"article:modified_time\" content=\"2025-09-17T09:41:10+00:00\" \/>\n<meta name=\"twitter:card\" content=\"summary_large_image\" \/>\n<meta name=\"twitter:label1\" content=\"Est. reading time\" \/>\n\t<meta name=\"twitter:data1\" content=\"2 minutes\" \/>\n<script type=\"application\/ld+json\" class=\"yoast-schema-graph\">{\"@context\":\"https:\/\/schema.org\",\"@graph\":[{\"@type\":\"WebPage\",\"@id\":\"https:\/\/sunaya-outdoor.com\/politique-de-confidentialite-cookies\/\",\"url\":\"https:\/\/sunaya-outdoor.com\/politique-de-confidentialite-cookies\/\",\"name\":\"Politique de confidentialit\u00e9 - Sunaya Outdoor\",\"isPartOf\":{\"@id\":\"https:\/\/sunaya-outdoor.com\/#website\"},\"datePublished\":\"2025-02-05T07:10:38+00:00\",\"dateModified\":\"2025-09-17T09:41:10+00:00\",\"breadcrumb\":{\"@id\":\"https:\/\/sunaya-outdoor.com\/politique-de-confidentialite-cookies\/#breadcrumb\"},\"inLanguage\":\"en-US\",\"potentialAction\":[{\"@type\":\"ReadAction\",\"target\":[\"https:\/\/sunaya-outdoor.com\/politique-de-confidentialite-cookies\/\"]}]},{\"@type\":\"BreadcrumbList\",\"@id\":\"https:\/\/sunaya-outdoor.com\/politique-de-confidentialite-cookies\/#breadcrumb\",\"itemListElement\":[{\"@type\":\"ListItem\",\"position\":1,\"name\":\"Accueil\",\"item\":\"https:\/\/sunaya-outdoor.com\/\"},{\"@type\":\"ListItem\",\"position\":2,\"name\":\"Politique de confidentialit\u00e9\"}]},{\"@type\":\"WebSite\",\"@id\":\"https:\/\/sunaya-outdoor.com\/#website\",\"url\":\"https:\/\/sunaya-outdoor.com\/\",\"name\":\"Sunaya Outdoor\",\"description\":\"L&#039;art de sublimer vos ext\u00e9rieurs\",\"publisher\":{\"@id\":\"https:\/\/sunaya-outdoor.com\/#organization\"},\"potentialAction\":[{\"@type\":\"SearchAction\",\"target\":{\"@type\":\"EntryPoint\",\"urlTemplate\":\"https:\/\/sunaya-outdoor.com\/?s={search_term_string}\"},\"query-input\":{\"@type\":\"PropertyValueSpecification\",\"valueRequired\":true,\"valueName\":\"search_term_string\"}}],\"inLanguage\":\"en-US\"},{\"@type\":\"Organization\",\"@id\":\"https:\/\/sunaya-outdoor.com\/#organization\",\"name\":\"Sunaya Outdoor\",\"url\":\"https:\/\/sunaya-outdoor.com\/\",\"logo\":{\"@type\":\"ImageObject\",\"inLanguage\":\"en-US\",\"@id\":\"https:\/\/sunaya-outdoor.com\/#\/schema\/logo\/image\/\",\"url\":\"https:\/\/sunaya-outdoor.com\/wp-content\/uploads\/2025\/09\/cropped-cropped-CBA8CAB4-1642-4DF0-AD8A-AC3E3A24C4DD-removebg-preview-2.png\",\"contentUrl\":\"https:\/\/sunaya-outdoor.com\/wp-content\/uploads\/2025\/09\/cropped-cropped-CBA8CAB4-1642-4DF0-AD8A-AC3E3A24C4DD-removebg-preview-2.png\",\"width\":500,\"height\":200,\"caption\":\"Sunaya Outdoor\"},\"image\":{\"@id\":\"https:\/\/sunaya-outdoor.com\/#\/schema\/logo\/image\/\"}}]}<\/script>\n<!-- \/ Yoast SEO plugin. -->","yoast_head_json":{"title":"Politique de confidentialit\u00e9 - Sunaya Outdoor","robots":{"index":"index","follow":"follow","max-snippet":"max-snippet:-1","max-image-preview":"max-image-preview:large","max-video-preview":"max-video-preview:-1"},"canonical":"https:\/\/sunaya-outdoor.com\/en\/politique-de-confidentialite-cookies\/","og_locale":"en_US","og_type":"article","og_title":"Politique de confidentialit\u00e9 - Sunaya Outdoor","og_description":"Politique de Confidentialit\u00e9 &amp; Cookies \u2013 Sunaya Outdoor \u00a0 Responsable du traitement Sunaya Outdoor \u2013 Mme AzanSIRET : 944 412 725 00011Email : contact@sunaya-outdoor.com Donn\u00e9es collect\u00e9es Nous pouvons recueillir les informations suivantes lorsque vous utilisez notre site : Nom, pr\u00e9nom, coordonn\u00e9es (email, t\u00e9l\u00e9phone) transmis via nos formulaires. Informations techniques (adresse IP, type de navigateur, pages...","og_url":"https:\/\/sunaya-outdoor.com\/en\/politique-de-confidentialite-cookies\/","og_site_name":"Sunaya Outdoor","article_modified_time":"2025-09-17T09:41:10+00:00","twitter_card":"summary_large_image","twitter_misc":{"Est. reading time":"2 minutes"},"schema":{"@context":"https:\/\/schema.org","@graph":[{"@type":"WebPage","@id":"https:\/\/sunaya-outdoor.com\/politique-de-confidentialite-cookies\/","url":"https:\/\/sunaya-outdoor.com\/politique-de-confidentialite-cookies\/","name":"Politique de confidentialit\u00e9 - Sunaya Outdoor","isPartOf":{"@id":"https:\/\/sunaya-outdoor.com\/#website"},"datePublished":"2025-02-05T07:10:38+00:00","dateModified":"2025-09-17T09:41:10+00:00","breadcrumb":{"@id":"https:\/\/sunaya-outdoor.com\/politique-de-confidentialite-cookies\/#breadcrumb"},"inLanguage":"en-US","potentialAction":[{"@type":"ReadAction","target":["https:\/\/sunaya-outdoor.com\/politique-de-confidentialite-cookies\/"]}]},{"@type":"BreadcrumbList","@id":"https:\/\/sunaya-outdoor.com\/politique-de-confidentialite-cookies\/#breadcrumb","itemListElement":[{"@type":"ListItem","position":1,"name":"Accueil","item":"https:\/\/sunaya-outdoor.com\/"},{"@type":"ListItem","position":2,"name":"Politique de confidentialit\u00e9"}]},{"@type":"WebSite","@id":"https:\/\/sunaya-outdoor.com\/#website","url":"https:\/\/sunaya-outdoor.com\/","name":"Sunaya Outdoor","description":"L&#039;art de sublimer vos ext\u00e9rieurs","publisher":{"@id":"https:\/\/sunaya-outdoor.com\/#organization"},"potentialAction":[{"@type":"SearchAction","target":{"@type":"EntryPoint","urlTemplate":"https:\/\/sunaya-outdoor.com\/?s={search_term_string}"},"query-input":{"@type":"PropertyValueSpecification","valueRequired":true,"valueName":"search_term_string"}}],"inLanguage":"en-US"},{"@type":"Organization","@id":"https:\/\/sunaya-outdoor.com\/#organization","name":"Sunaya Outdoor","url":"https:\/\/sunaya-outdoor.com\/","logo":{"@type":"ImageObject","inLanguage":"en-US","@id":"https:\/\/sunaya-outdoor.com\/#\/schema\/logo\/image\/","url":"https:\/\/sunaya-outdoor.com\/wp-content\/uploads\/2025\/09\/cropped-cropped-CBA8CAB4-1642-4DF0-AD8A-AC3E3A24C4DD-removebg-preview-2.png","contentUrl":"https:\/\/sunaya-outdoor.com\/wp-content\/uploads\/2025\/09\/cropped-cropped-CBA8CAB4-1642-4DF0-AD8A-AC3E3A24C4DD-removebg-preview-2.png","width":500,"height":200,"caption":"Sunaya Outdoor"},"image":{"@id":"https:\/\/sunaya-outdoor.com\/#\/schema\/logo\/image\/"}}]}},"_links":{"self":[{"href":"https:\/\/sunaya-outdoor.com\/en\/wp-json\/wp\/v2\/pages\/3","targetHints":{"allow":["GET"]}}],"collection":[{"href":"https:\/\/sunaya-outdoor.com\/en\/wp-json\/wp\/v2\/pages"}],"about":[{"href":"https:\/\/sunaya-outdoor.com\/en\/wp-json\/wp\/v2\/types\/page"}],"author":[{"embeddable":true,"href":"https:\/\/sunaya-outdoor.com\/en\/wp-json\/wp\/v2\/users\/1"}],"replies":[{"embeddable":true,"href":"https:\/\/sunaya-outdoor.com\/en\/wp-json\/wp\/v2\/comments?post=3"}],"version-history":[{"count":27,"href":"https:\/\/sunaya-outdoor.com\/en\/wp-json\/wp\/v2\/pages\/3\/revisions"}],"predecessor-version":[{"id":1759,"href":"https:\/\/sunaya-outdoor.com\/en\/wp-json\/wp\/v2\/pages\/3\/revisions\/1759"}],"wp:attachment":[{"href":"https:\/\/sunaya-outdoor.com\/en\/wp-json\/wp\/v2\/media?parent=3"}],"curies":[{"name":"wp","href":"https:\/\/api.w.org\/{rel}","templated":true}]}}