{"id":1723,"date":"2025-09-16T14:41:08","date_gmt":"2025-09-16T12:41:08","guid":{"rendered":"https:\/\/sunaya-outdoor.com\/?page_id=1723"},"modified":"2025-09-17T11:22:25","modified_gmt":"2025-09-17T09:22:25","slug":"mentions-legales","status":"publish","type":"page","link":"https:\/\/sunaya-outdoor.com\/en\/mentions-legales\/","title":{"rendered":"Politique de confidentialit\u00e9"},"content":{"rendered":"<div data-elementor-type=\"wp-page\" data-elementor-id=\"1723\" class=\"elementor elementor-1723\">\n\t\t\t\t<div class=\"elementor-element elementor-element-4a0256b4 e-flex e-con-boxed e-con e-parent\" data-id=\"4a0256b4\" data-element_type=\"container\" data-e-type=\"container\">\n\t\t\t\t\t<div class=\"e-con-inner\">\n\t\t\t\t<div class=\"elementor-element elementor-element-7c065f03 elementor-widget elementor-widget-text-editor\" data-id=\"7c065f03\" data-element_type=\"widget\" data-e-type=\"widget\" data-widget_type=\"text-editor.default\">\n\t\t\t\t<div class=\"elementor-widget-container\">\n\t\t\t\t\t\t\t\t\t\n<h4 class=\"wp-block-heading\" data-start=\"568\" data-end=\"593\"><strong data-start=\"573\" data-end=\"593\">Legal information<\/strong><\/h4>\n<p data-start=\"595\" data-end=\"623\"><strong data-start=\"595\" data-end=\"621\">General information<\/strong><\/p>\n<ul data-start=\"624\" data-end=\"807\">\n<li data-start=\"624\" data-end=\"663\">\n<p data-start=\"626\" data-end=\"663\"><strong data-start=\"626\" data-end=\"646\">Buisness Name<\/strong> SUNAYA OUTDOOR<\/p>\n<\/li>\n<li data-start=\"664\" data-end=\"697\">\n<p data-start=\"666\" data-end=\"697\"><strong>SIRET :<\/strong> 944 412 725 00011<\/p>\n<\/li>\n<li data-start=\"698\" data-end=\"724\">\n<p data-start=\"700\" data-end=\"724\"><strong>Editor<\/strong> Mme Azan<\/p>\n<\/li>\n<li data-start=\"725\" data-end=\"807\">\n<p data-start=\"727\" data-end=\"807\">H\u00e9bergement : OVH \u2013 Si\u00e8ge social : 2 rue Kellermann, 59100 Roubaix, France<\/p>\n<\/li>\n<\/ul>\n<p data-start=\"814\" data-end=\"1113\"><strong>French Data Protection Act<\/strong><br data-start=\"846\" data-end=\"849\" \/>In accordance with the French Data Protection Act of January 6, 1978 and the GDPR, you have the right to access, modify, rectify, and delete your personal data. To exercise this right, please contact: <strong><a class=\"decorated-link cursor-pointer\" rel=\"noopener\" data-start=\"1082\" data-end=\"1108\">contact@sunaya-outdoor.com<\/a>.<\/strong><\/p>\n<p data-start=\"814\" data-end=\"1113\">\u00a0<\/p>\n<p data-start=\"1120\" data-end=\"1708\"><strong>Copyright and Intellectual Property<\/strong><br data-start=\"1166\" data-end=\"1169\" \/>This entire website is subject to French and international legislation on copyright and intellectual property. All reproduction rights are reserved, including for downloadable documents as well as iconographic and photographic representations.<br data-start=\"1439\" data-end=\"1442\" \/>All trademarks (word marks and logos) and any other distinctive signs appearing on this website are the property of <strong>Sunaya Outdoor<\/strong> or its partners. Any reproduction, representation, or use without prior written authorization is prohibited.<\/p>\n<p data-start=\"1120\" data-end=\"1708\">\u00a0<\/p>\n<p data-start=\"1715\" data-end=\"2038\"><strong>Responsibility<\/strong><br data-start=\"1733\" data-end=\"1736\" \/>The information and visuals presented on this website are provided for informational purposes only and are not contractually binding. Sunaya Outdoor cannot be held liable for indirect damages (such as loss of profits or opportunities) arising from the use of this website or the products and services presented.<\/p>\n<p data-start=\"2045\" data-end=\"2200\">\u00a0<\/p>\n<p data-start=\"2045\" data-end=\"2200\"><strong>Hypertext links<\/strong><br data-start=\"2066\" data-end=\"2069\" \/><strong>Sunaya Outdoor<\/strong> cannot be held responsible for the content of third-party websites accessible via hyperlinks from this site.<\/p>\n<p data-start=\"2045\" data-end=\"2200\">\u00a0<\/p>\n<p data-start=\"2045\" data-end=\"2200\"><strong>Displayed prices<\/strong><br data-start=\"2224\" data-end=\"2227\" \/>The prices listed on the website <strong>Sunaya Outdoor<\/strong> are inclusive of all taxes (VAT included), unless otherwise stated.<\/p>\n<p data-start=\"2045\" data-end=\"2200\">\u00a0<\/p>\n<p data-start=\"2045\" data-end=\"2200\"><strong>Governing Law \u2013 Disputes<\/strong><br data-start=\"2383\" data-end=\"2386\" \/>These legal notices are governed by French law. In the event of a dispute, the French courts shall have exclusive jurisdiction.<\/p>\n\t\t\t\t\t\t\t\t<\/div>\n\t\t\t\t<\/div>\n\t\t\t\t\t<\/div>\n\t\t\t\t<\/div>\n\t\t\t\t<\/div>","protected":false},"excerpt":{"rendered":"<p>Mentions l\u00e9gales Informations g\u00e9n\u00e9rales Nom commercial : SUNAYA OUTDOOR SIRET : 944 412 725 00011 \u00c9diteur : Mme Azan H\u00e9bergement : OVH \u2013 Si\u00e8ge social : 2 rue Kellermann, 59100 Roubaix, France Loi Informatique et Libert\u00e9sConform\u00e9ment \u00e0 la loi \u00ab Informatique et Libert\u00e9s \u00bb du 6 janvier 1978 et au RGPD, vous disposez d\u2019un droit&#8230;<\/p>","protected":false},"author":1,"featured_media":0,"parent":0,"menu_order":0,"comment_status":"closed","ping_status":"open","template":"","meta":{"_kadence_starter_templates_imported_post":false,"_kad_post_transparent":"","_kad_post_title":"","_kad_post_layout":"","_kad_post_sidebar_id":"","_kad_post_content_style":"","_kad_post_vertical_padding":"","_kad_post_feature":"","_kad_post_feature_position":"","_kad_post_header":false,"_kad_post_footer":false,"footnotes":""},"class_list":["post-1723","page","type-page","status-publish","hentry"],"yoast_head":"<!-- This site is optimized with the Yoast SEO plugin v25.9 - https:\/\/yoast.com\/wordpress\/plugins\/seo\/ -->\n<title>Politique de confidentialit\u00e9 - Sunaya Outdoor<\/title>\n<meta name=\"robots\" content=\"index, follow, max-snippet:-1, max-image-preview:large, max-video-preview:-1\" \/>\n<link rel=\"canonical\" href=\"https:\/\/sunaya-outdoor.com\/en\/mentions-legales\/\" \/>\n<meta property=\"og:locale\" content=\"en_US\" \/>\n<meta property=\"og:type\" content=\"article\" \/>\n<meta property=\"og:title\" content=\"Politique de confidentialit\u00e9 - Sunaya Outdoor\" \/>\n<meta property=\"og:description\" content=\"Mentions l\u00e9gales Informations g\u00e9n\u00e9rales Nom commercial : SUNAYA OUTDOOR SIRET : 944 412 725 00011 \u00c9diteur : Mme Azan H\u00e9bergement : OVH \u2013 Si\u00e8ge social : 2 rue Kellermann, 59100 Roubaix, France Loi Informatique et Libert\u00e9sConform\u00e9ment \u00e0 la loi \u00ab Informatique et Libert\u00e9s \u00bb du 6 janvier 1978 et au RGPD, vous disposez d\u2019un droit...\" \/>\n<meta property=\"og:url\" content=\"https:\/\/sunaya-outdoor.com\/en\/mentions-legales\/\" \/>\n<meta property=\"og:site_name\" content=\"Sunaya Outdoor\" \/>\n<meta property=\"article:modified_time\" content=\"2025-09-17T09:22:25+00:00\" \/>\n<meta name=\"twitter:card\" content=\"summary_large_image\" \/>\n<meta name=\"twitter:label1\" content=\"Est. reading time\" \/>\n\t<meta name=\"twitter:data1\" content=\"1 minute\" \/>\n<script type=\"application\/ld+json\" class=\"yoast-schema-graph\">{\"@context\":\"https:\/\/schema.org\",\"@graph\":[{\"@type\":\"WebPage\",\"@id\":\"https:\/\/sunaya-outdoor.com\/mentions-legales\/\",\"url\":\"https:\/\/sunaya-outdoor.com\/mentions-legales\/\",\"name\":\"Politique de confidentialit\u00e9 - Sunaya Outdoor\",\"isPartOf\":{\"@id\":\"https:\/\/sunaya-outdoor.com\/#website\"},\"datePublished\":\"2025-09-16T12:41:08+00:00\",\"dateModified\":\"2025-09-17T09:22:25+00:00\",\"breadcrumb\":{\"@id\":\"https:\/\/sunaya-outdoor.com\/mentions-legales\/#breadcrumb\"},\"inLanguage\":\"en-US\",\"potentialAction\":[{\"@type\":\"ReadAction\",\"target\":[\"https:\/\/sunaya-outdoor.com\/mentions-legales\/\"]}]},{\"@type\":\"BreadcrumbList\",\"@id\":\"https:\/\/sunaya-outdoor.com\/mentions-legales\/#breadcrumb\",\"itemListElement\":[{\"@type\":\"ListItem\",\"position\":1,\"name\":\"Accueil\",\"item\":\"https:\/\/sunaya-outdoor.com\/\"},{\"@type\":\"ListItem\",\"position\":2,\"name\":\"Politique de confidentialit\u00e9\"}]},{\"@type\":\"WebSite\",\"@id\":\"https:\/\/sunaya-outdoor.com\/#website\",\"url\":\"https:\/\/sunaya-outdoor.com\/\",\"name\":\"Sunaya Outdoor\",\"description\":\"L&#039;art de sublimer vos ext\u00e9rieurs\",\"publisher\":{\"@id\":\"https:\/\/sunaya-outdoor.com\/#organization\"},\"potentialAction\":[{\"@type\":\"SearchAction\",\"target\":{\"@type\":\"EntryPoint\",\"urlTemplate\":\"https:\/\/sunaya-outdoor.com\/?s={search_term_string}\"},\"query-input\":{\"@type\":\"PropertyValueSpecification\",\"valueRequired\":true,\"valueName\":\"search_term_string\"}}],\"inLanguage\":\"en-US\"},{\"@type\":\"Organization\",\"@id\":\"https:\/\/sunaya-outdoor.com\/#organization\",\"name\":\"Sunaya Outdoor\",\"url\":\"https:\/\/sunaya-outdoor.com\/\",\"logo\":{\"@type\":\"ImageObject\",\"inLanguage\":\"en-US\",\"@id\":\"https:\/\/sunaya-outdoor.com\/#\/schema\/logo\/image\/\",\"url\":\"https:\/\/sunaya-outdoor.com\/wp-content\/uploads\/2025\/09\/cropped-cropped-CBA8CAB4-1642-4DF0-AD8A-AC3E3A24C4DD-removebg-preview-2.png\",\"contentUrl\":\"https:\/\/sunaya-outdoor.com\/wp-content\/uploads\/2025\/09\/cropped-cropped-CBA8CAB4-1642-4DF0-AD8A-AC3E3A24C4DD-removebg-preview-2.png\",\"width\":500,\"height\":200,\"caption\":\"Sunaya Outdoor\"},\"image\":{\"@id\":\"https:\/\/sunaya-outdoor.com\/#\/schema\/logo\/image\/\"}}]}<\/script>\n<!-- \/ Yoast SEO plugin. -->","yoast_head_json":{"title":"Politique de confidentialit\u00e9 - Sunaya Outdoor","robots":{"index":"index","follow":"follow","max-snippet":"max-snippet:-1","max-image-preview":"max-image-preview:large","max-video-preview":"max-video-preview:-1"},"canonical":"https:\/\/sunaya-outdoor.com\/en\/mentions-legales\/","og_locale":"en_US","og_type":"article","og_title":"Politique de confidentialit\u00e9 - Sunaya Outdoor","og_description":"Mentions l\u00e9gales Informations g\u00e9n\u00e9rales Nom commercial : SUNAYA OUTDOOR SIRET : 944 412 725 00011 \u00c9diteur : Mme Azan H\u00e9bergement : OVH \u2013 Si\u00e8ge social : 2 rue Kellermann, 59100 Roubaix, France Loi Informatique et Libert\u00e9sConform\u00e9ment \u00e0 la loi \u00ab Informatique et Libert\u00e9s \u00bb du 6 janvier 1978 et au RGPD, vous disposez d\u2019un droit...","og_url":"https:\/\/sunaya-outdoor.com\/en\/mentions-legales\/","og_site_name":"Sunaya Outdoor","article_modified_time":"2025-09-17T09:22:25+00:00","twitter_card":"summary_large_image","twitter_misc":{"Est. reading time":"1 minute"},"schema":{"@context":"https:\/\/schema.org","@graph":[{"@type":"WebPage","@id":"https:\/\/sunaya-outdoor.com\/mentions-legales\/","url":"https:\/\/sunaya-outdoor.com\/mentions-legales\/","name":"Politique de confidentialit\u00e9 - Sunaya Outdoor","isPartOf":{"@id":"https:\/\/sunaya-outdoor.com\/#website"},"datePublished":"2025-09-16T12:41:08+00:00","dateModified":"2025-09-17T09:22:25+00:00","breadcrumb":{"@id":"https:\/\/sunaya-outdoor.com\/mentions-legales\/#breadcrumb"},"inLanguage":"en-US","potentialAction":[{"@type":"ReadAction","target":["https:\/\/sunaya-outdoor.com\/mentions-legales\/"]}]},{"@type":"BreadcrumbList","@id":"https:\/\/sunaya-outdoor.com\/mentions-legales\/#breadcrumb","itemListElement":[{"@type":"ListItem","position":1,"name":"Accueil","item":"https:\/\/sunaya-outdoor.com\/"},{"@type":"ListItem","position":2,"name":"Politique de confidentialit\u00e9"}]},{"@type":"WebSite","@id":"https:\/\/sunaya-outdoor.com\/#website","url":"https:\/\/sunaya-outdoor.com\/","name":"Sunaya Outdoor","description":"L&#039;art de sublimer vos ext\u00e9rieurs","publisher":{"@id":"https:\/\/sunaya-outdoor.com\/#organization"},"potentialAction":[{"@type":"SearchAction","target":{"@type":"EntryPoint","urlTemplate":"https:\/\/sunaya-outdoor.com\/?s={search_term_string}"},"query-input":{"@type":"PropertyValueSpecification","valueRequired":true,"valueName":"search_term_string"}}],"inLanguage":"en-US"},{"@type":"Organization","@id":"https:\/\/sunaya-outdoor.com\/#organization","name":"Sunaya Outdoor","url":"https:\/\/sunaya-outdoor.com\/","logo":{"@type":"ImageObject","inLanguage":"en-US","@id":"https:\/\/sunaya-outdoor.com\/#\/schema\/logo\/image\/","url":"https:\/\/sunaya-outdoor.com\/wp-content\/uploads\/2025\/09\/cropped-cropped-CBA8CAB4-1642-4DF0-AD8A-AC3E3A24C4DD-removebg-preview-2.png","contentUrl":"https:\/\/sunaya-outdoor.com\/wp-content\/uploads\/2025\/09\/cropped-cropped-CBA8CAB4-1642-4DF0-AD8A-AC3E3A24C4DD-removebg-preview-2.png","width":500,"height":200,"caption":"Sunaya Outdoor"},"image":{"@id":"https:\/\/sunaya-outdoor.com\/#\/schema\/logo\/image\/"}}]}},"_links":{"self":[{"href":"https:\/\/sunaya-outdoor.com\/en\/wp-json\/wp\/v2\/pages\/1723","targetHints":{"allow":["GET"]}}],"collection":[{"href":"https:\/\/sunaya-outdoor.com\/en\/wp-json\/wp\/v2\/pages"}],"about":[{"href":"https:\/\/sunaya-outdoor.com\/en\/wp-json\/wp\/v2\/types\/page"}],"author":[{"embeddable":true,"href":"https:\/\/sunaya-outdoor.com\/en\/wp-json\/wp\/v2\/users\/1"}],"replies":[{"embeddable":true,"href":"https:\/\/sunaya-outdoor.com\/en\/wp-json\/wp\/v2\/comments?post=1723"}],"version-history":[{"count":10,"href":"https:\/\/sunaya-outdoor.com\/en\/wp-json\/wp\/v2\/pages\/1723\/revisions"}],"predecessor-version":[{"id":1747,"href":"https:\/\/sunaya-outdoor.com\/en\/wp-json\/wp\/v2\/pages\/1723\/revisions\/1747"}],"wp:attachment":[{"href":"https:\/\/sunaya-outdoor.com\/en\/wp-json\/wp\/v2\/media?parent=1723"}],"curies":[{"name":"wp","href":"https:\/\/api.w.org\/{rel}","templated":true}]}}